{"id":8,"date":"2026-04-08T01:01:40","date_gmt":"2026-04-07T23:01:40","guid":{"rendered":"https:\/\/dev.chirocare-os.de\/?page_id=8"},"modified":"2026-04-08T01:01:40","modified_gmt":"2026-04-07T23:01:40","slug":"neue-patienten","status":"publish","type":"page","link":"https:\/\/dev.chirocare-os.de\/?page_id=8","title":{"rendered":"F\u00fcr neue Patienten"},"content":{"rendered":"<section class=\"cc-page-hero alignfull\">\n  <div class=\"cc-container cc-page-hero__grid\">\n    <div class=\"cc-page-hero__content\" data-cc-reveal>\n      <span class=\"cc-eyebrow\">Der Weg in die Praxis<\/span>      <h1 class=\"cc-page-hero__headline\">Du bist neu bei uns?<\/h1>      <p class=\"cc-page-hero__lede\"><strong>Der erste Schritt soll sich ruhig, verst\u00e4ndlich und gut begleitet anf\u00fchlen.<\/strong><\/p>      <p class=\"cc-page-hero__text\">Sch\u00f6n, dass Du den Weg zu uns gefunden hast! Wir freuen uns schon darauf, Dir bei Deinen gesundheitlichen Problemen zu helfen und Dir mit Rat und Tat zur Seite zu stehen.<\/p>            <div class=\"cc-page-hero__actions\">\n        <a class=\"cc-btn cc-btn--primary\" href=\"\/kontakt\/\">Ersttermin anfragen<\/a>        <a class=\"cc-btn cc-btn--secondary\" href=\"tel:+495414041548\">Anrufen<\/a>      <\/div>\n          <\/div>\n    <figure class=\"cc-page-hero__media\" data-cc-reveal><img decoding=\"async\" src=\"https:\/\/dev.chirocare-os.de\/wp-content\/uploads\/2026\/04\/AdobeStock_449560583-900x1200.jpeg\" alt=\"Du bist neu bei uns?\"><\/figure>\n  <\/div>\n<\/section>\n\n\n<section class=\"cc-quote\"><div class=\"cc-container cc-container--ultra\"><div class=\"cc-quote__panel\" data-cc-reveal><blockquote><p>Jeder vertrauensw\u00fcrdige Therapeut sollte vor Beginn seiner T\u00e4tigkeiten seine Patienten dar\u00fcber aufkl\u00e4ren, was mit ihnen in der Praxis passieren wird. Deshalb ist dieses Aufkl\u00e4rungsgespr\u00e4ch auch Teil des ersten Termins bei uns in der Praxis. In ca. 10 Minuten erkl\u00e4re ich Dir, wie es dazu kommen konnte, dass sich Dein K\u00f6rper in der jetzigen Situation befindet, welche Einfl\u00fcsse von au\u00dfen daf\u00fcr verantwortlich sind und selbstverst\u00e4ndlich auch, was ich gedenke, dagegen zu tun. Selbstverst\u00e4ndlich kannst Du auch alle Deine Fragen stellen! Am Ende sollen keine Fragen mehr offen sein und wir k\u00f6nnen Deine Reise zur\u00fcck zu Gesundheit und Wohlbefinden auf Augenh\u00f6he beginnen.<\/p><cite>Was Sie beim ersten Termin erwartet<\/cite><\/blockquote><\/div><\/div><\/section>\n\n\n<section class=\"cc-steps cc-section cc-section--sand\"><div class=\"cc-container\"><div class=\"cc-steps__head\"><span class=\"cc-eyebrow\">Ablauf<\/span><h2>Wie Sie Patient bei uns werden<\/h2><p class=\"cc-section__lede\">Sch\u00f6n, dass Du den Weg zu uns gefunden hast! Wir freuen uns schon darauf, Dir bei Deinen gesundheitlichen Problemen zu helfen und Dir mit Rat und Tat zur Seite zu stehen. Jeder vertrauensw\u00fcrdige Therapeut sollte vor Beginn seiner T\u00e4tigkeiten seine Patienten dar\u00fcber aufkl\u00e4ren, was mit ihnen in der Praxis passieren wird. Deshalb ist dieses Aufkl\u00e4rungsgespr\u00e4ch auch Teil des ersten Termins bei uns in der Praxis. In ca. 10 Minuten erkl\u00e4re ich Dir, wie es dazu kommen konnte, dass sich Dein K\u00f6rper in der jetzigen Situation befindet, welche Einfl\u00fcsse von au\u00dfen daf\u00fcr verantwortlich sind und selbstverst\u00e4ndlich auch, was ich gedenke, dagegen zu tun. Selbstverst\u00e4ndlich kannst Du auch alle Deine Fragen stellen! Am Ende sollen keine Fragen mehr offen sein und wir k\u00f6nnen Deine Reise zur\u00fcck zu Gesundheit und Wohlbefinden auf Augenh\u00f6he beginnen.<\/p><\/div><div class=\"cc-steps__grid\"><\/div><\/div><\/section>\n\n\n<section class=\"cc-faq cc-section\"><div class=\"cc-container cc-container--narrow\"><div class=\"cc-faq__head\"><span class=\"cc-eyebrow\">Gut zu wissen<\/span><h2>Vor dem ersten Termin<\/h2><p class=\"cc-section__lede\">Transparenz senkt Hemmschwellen. Deshalb beantworten wir die wichtigsten Fragen schon vorab.<\/p><\/div><div class=\"cc-faq__list\"><\/div><\/div><\/section>\n\n\n<section class=\"cc-cta cc-section\"><div class=\"cc-container\"><div class=\"cc-cta__panel\"><div class=\"cc-cta__grid cc-cta__grid--single\"><div class=\"cc-cta__main\" data-cc-reveal><span class=\"cc-eyebrow\">ChiroCare Osnabr\u00fcck<\/span><h2>Pers\u00f6nlich. Klar. Modern begleitet.<\/h2><p class=\"cc-section__lede\">Der n\u00e4chste Schritt ist unkompliziert: Kontakt aufnehmen, Fragen kl\u00e4ren, Termin anfragen.<\/p><div class=\"cc-cta__actions\"><a class=\"cc-btn cc-btn--primary\" href=\"\/kontakt\/\">Kontakt aufnehmen<\/a><a class=\"cc-btn cc-btn--secondary\" href=\"\/neue-patienten\/\">F\u00fcr neue Patienten<\/a><\/div><\/div><\/div><\/div><\/div><\/section>\n\n\n","protected":false},"excerpt":{"rendered":"","protected":false},"author":1,"featured_media":0,"parent":0,"menu_order":0,"comment_status":"closed","ping_status":"closed","template":"","meta":{"_acf_changed":false,"_kadence_starter_templates_imported_post":false,"_kad_post_transparent":"","_kad_post_title":"","_kad_post_layout":"","_kad_post_sidebar_id":"","_kad_post_content_style":"","_kad_post_vertical_padding":"","_kad_post_feature":"","_kad_post_feature_position":"","_kad_post_header":false,"_kad_post_footer":false,"_kad_post_classname":"","footnotes":""},"class_list":["post-8","page","type-page","status-publish","hentry"],"acf":[],"_links":{"self":[{"href":"https:\/\/dev.chirocare-os.de\/index.php?rest_route=\/wp\/v2\/pages\/8","targetHints":{"allow":["GET"]}}],"collection":[{"href":"https:\/\/dev.chirocare-os.de\/index.php?rest_route=\/wp\/v2\/pages"}],"about":[{"href":"https:\/\/dev.chirocare-os.de\/index.php?rest_route=\/wp\/v2\/types\/page"}],"author":[{"embeddable":true,"href":"https:\/\/dev.chirocare-os.de\/index.php?rest_route=\/wp\/v2\/users\/1"}],"replies":[{"embeddable":true,"href":"https:\/\/dev.chirocare-os.de\/index.php?rest_route=%2Fwp%2Fv2%2Fcomments&post=8"}],"version-history":[{"count":2,"href":"https:\/\/dev.chirocare-os.de\/index.php?rest_route=\/wp\/v2\/pages\/8\/revisions"}],"predecessor-version":[{"id":49,"href":"https:\/\/dev.chirocare-os.de\/index.php?rest_route=\/wp\/v2\/pages\/8\/revisions\/49"}],"wp:attachment":[{"href":"https:\/\/dev.chirocare-os.de\/index.php?rest_route=%2Fwp%2Fv2%2Fmedia&parent=8"}],"curies":[{"name":"wp","href":"https:\/\/api.w.org\/{rel}","templated":true}]}}