{"id":7,"date":"2026-04-08T01:01:40","date_gmt":"2026-04-07T23:01:40","guid":{"rendered":"https:\/\/dev.chirocare-os.de\/?page_id=7"},"modified":"2026-04-08T01:01:40","modified_gmt":"2026-04-07T23:01:40","slug":"startseite","status":"publish","type":"page","link":"https:\/\/dev.chirocare-os.de\/","title":{"rendered":"Startseite"},"content":{"rendered":"<section class=\"cc-hero alignfull\">\n\t<div class=\"cc-container cc-hero__inner\">\n\n\t\t<div class=\"cc-hero__content\" data-cc-reveal>\n\n\t\t\t\n\t\t\t\t\t\t\t<h1 class=\"cc-hero__headline\">Wieder aufrecht durchs Leben.<\/h1>\n\t\t\t\n\t\t\t\t\t\t\t<p class=\"cc-hero__subheadline\">Original amerikanische Chiropraktik in Osnabr\u00fcck. Seit \u00fcber 20 Jahren begleite ich Menschen auf ihrem Weg zur\u00fcck zu Gesundheit und Wohlbefinden \u2013 auf Augenh\u00f6he, mit Zeit und mit der Erfahrung von tausenden Behandlungen.<\/p>\n\t\t\t\n\t\t\t\t\t\t\t\t\t\t<div class=\"cc-hero__ctas\">\n\t\t\t\t\t\t\t\t\t\t\t<a class=\"cc-btn cc-btn--primary\" href=\"\/neue-patienten\/\">\n\t\t\t\t\t\t\t<span>Ersttermin anfragen<\/span>\n\t\t\t\t\t\t\t<svg width=\"18\" height=\"18\" viewBox=\"0 0 24 24\" fill=\"none\" stroke=\"currentColor\" stroke-width=\"2\" stroke-linecap=\"round\" stroke-linejoin=\"round\" aria-hidden=\"true\" focusable=\"false\"><line x1=\"5\" y1=\"12\" x2=\"19\" y2=\"12\"\/><polyline points=\"12 5 19 12 12 19\"\/><\/svg>\n\t\t\t\t\t\t<\/a>\n\t\t\t\t\t\n\t\t\t\t\t\t\t\t\t\t\t<a class=\"cc-btn cc-btn--secondary\" href=\"\/neue-patienten\/#ablauf\">\n\t\t\t\t\t\t\tSo l\u00e4uft Dein erster Besuch ab\t\t\t\t\t\t<\/a>\n\t\t\t\t\t\t\t\t\t<\/div>\n\t\t\t\n\t\t\t\t\t\t\t<div class=\"cc-hero__trust\">\n\t\t\t\t\t\t\t\t\t\t\t<span class=\"cc-hero__trust-text\">Seit \u00fcber 20 Jahren in Osnabr\u00fcck<\/span>\n\t\t\t\t\t\n\t\t\t\t\t\t\t\t\t\t\t<a class=\"cc-hero__phone\" href=\"tel:05414041548\" aria-label=\"Praxis anrufen\">\n\t\t\t\t\t\t\t<svg width=\"16\" height=\"16\" viewBox=\"0 0 24 24\" fill=\"none\" stroke=\"currentColor\" stroke-width=\"2\" stroke-linecap=\"round\" stroke-linejoin=\"round\" aria-hidden=\"true\" focusable=\"false\"><path d=\"M22 16.92v3a2 2 0 0 1-2.18 2 19.79 19.79 0 0 1-8.63-3.07 19.5 19.5 0 0 1-6-6 19.79 19.79 0 0 1-3.07-8.67A2 2 0 0 1 4.11 2h3a2 2 0 0 1 2 1.72 12.84 12.84 0 0 0 .7 2.81 2 2 0 0 1-.45 2.11L8.09 9.91a16 16 0 0 0 6 6l1.27-1.27a2 2 0 0 1 2.11-.45 12.84 12.84 0 0 0 2.81.7A2 2 0 0 1 22 16.92z\"\/><\/svg>\n\t\t\t\t\t\t\t<span>0541 4041548<\/span>\n\t\t\t\t\t\t<\/a>\n\t\t\t\t\t\t\t\t\t<\/div>\n\t\t\t\n\t\t<\/div>\n\n\t\t<figure class=\"cc-hero__media\" data-cc-reveal>\n\t\t\t<img\n\t\t\t\tsrc=\"https:\/\/dev.chirocare-os.de\/wp-content\/uploads\/2026\/04\/AdobeStock_449560583-1600x1100.jpeg\"\n\t\t\t\talt=\"ChiroCare Behandlung \u2013 Platzhalter\"\n\t\t\t\twidth=\"1600\"\n\t\t\t\theight=\"1100\"\n\t\t\t\tloading=\"eager\"\n\t\t\t\tfetchpriority=\"high\"\n\t\t\t\tdecoding=\"async\"\n\t\t\t\/>\n\t\t<\/figure>\n\n\t<\/div>\n<\/section>\n\n\n\n\n<section class=\"cc-quote\"><div class=\"cc-container cc-container--ultra\"><div class=\"cc-quote__panel\" data-cc-reveal><blockquote><p>Chiropraktik ist f\u00fcr mich kein Handgriff, sondern ein Zuh\u00f6ren. Erst wenn ich verstanden habe, was Ihr K\u00f6rper erz\u00e4hlt, beginnt die eigentliche Arbeit.<\/p><cite>Tobias M. Kadow, Heilpraktiker<\/cite><\/blockquote><\/div><\/div><\/section>\n\n\n<section class=\"cc-topic-cards cc-section\"><div class=\"cc-container\"><div class=\"cc-topic-cards__head\"><span class=\"cc-eyebrow\">Praxis &amp; Themen<\/span><h2>Was Sie bei ChiroCare entdecken k\u00f6nnen<\/h2><p class=\"cc-section__lede\">Klare Einstiege statt Kachelw\u00fcste: Jede Seite ist als ruhige, hochwertige Landingpage gedacht.<\/p><\/div><div class=\"cc-card-grid cc-card-grid--3\"><\/div><\/div><\/section>\n\n\n<section class=\"cc-steps cc-section cc-section--sand\"><div class=\"cc-container\"><div class=\"cc-steps__head\"><span class=\"cc-eyebrow\">Erstkontakt<\/span><h2>So f\u00fchlt sich der erste Schritt an<\/h2><p class=\"cc-section__lede\">Unkompliziert, pers\u00f6nlich und klar gef\u00fchrt \u2013 vom ersten Kontakt bis zum ersten Termin.<\/p><\/div><div class=\"cc-steps__grid\"><\/div><\/div><\/section>\n\n\n<section class=\"cc-about cc-section\"><div class=\"cc-container\"><div class=\"cc-about__grid\"><figure class=\"cc-about__media\" data-cc-reveal><img decoding=\"async\" src=\"https:\/\/dev.chirocare-os.de\/wp-content\/uploads\/2026\/04\/AdobeStock_449560583-900x1200.jpeg\" alt=\"Tobias M. Kadow\"><\/figure><div class=\"cc-about__content\" data-cc-reveal><span class=\"cc-eyebrow\">Praxisprofil<\/span><h2>Pers\u00f6nliche Betreuung mit klarer Haltung<\/h2><h3>Tobias M. Kadow<\/h3><p class=\"cc-entry-card__meta\">Heilpraktiker \u00b7 Gr\u00fcnder ChiroCare Osnabr\u00fcck<\/p><p class=\"cc-section__lede\">Seit 2002 Heilpraktiker, seit 2008 ChiroCare Osnabr\u00fcck. Ausbildung am American Institute of Chiropractic in Hamburg und seither stetige Weiterbildung auf europ\u00e4ischen und internationalen Chiropraktik-Kongressen. Mein Anspruch: Chiropraktik nicht als Handgriff, sondern als Zuh\u00f6ren \u2013 auf Augenh\u00f6he, mit Zeit, mit Erfahrung.<\/p><\/div><\/div><\/div><\/section>\n\n\n<section class=\"cc-faq cc-section\"><div class=\"cc-container cc-container--narrow\"><div class=\"cc-faq__head\"><\/div><div class=\"cc-faq__list\"><\/div><\/div><\/section>\n\n\n<section class=\"cc-cta cc-section\"><div class=\"cc-container\"><div class=\"cc-cta__panel\"><div class=\"cc-cta__grid cc-cta__grid--single\"><div class=\"cc-cta__main\" data-cc-reveal><span class=\"cc-eyebrow\">ChiroCare Osnabr\u00fcck<\/span><h2>Pers\u00f6nlich. Klar. Modern begleitet.<\/h2><p class=\"cc-section__lede\">Der n\u00e4chste Schritt ist unkompliziert: Kontakt aufnehmen, Fragen kl\u00e4ren, Termin anfragen.<\/p><div class=\"cc-cta__actions\"><a class=\"cc-btn cc-btn--primary\" href=\"\/kontakt\/\">Kontakt aufnehmen<\/a><a class=\"cc-btn cc-btn--secondary\" href=\"\/neue-patienten\/\">F\u00fcr neue Patienten<\/a><\/div><\/div><\/div><\/div><\/div><\/section>\n\n\n","protected":false},"excerpt":{"rendered":"","protected":false},"author":1,"featured_media":0,"parent":0,"menu_order":0,"comment_status":"closed","ping_status":"closed","template":"","meta":{"_acf_changed":false,"_kadence_starter_templates_imported_post":false,"_kad_post_transparent":"","_kad_post_title":"","_kad_post_layout":"","_kad_post_sidebar_id":"","_kad_post_content_style":"","_kad_post_vertical_padding":"","_kad_post_feature":"","_kad_post_feature_position":"","_kad_post_header":false,"_kad_post_footer":false,"_kad_post_classname":"","footnotes":""},"class_list":["post-7","page","type-page","status-publish","hentry"],"acf":[],"_links":{"self":[{"href":"https:\/\/dev.chirocare-os.de\/index.php?rest_route=\/wp\/v2\/pages\/7","targetHints":{"allow":["GET"]}}],"collection":[{"href":"https:\/\/dev.chirocare-os.de\/index.php?rest_route=\/wp\/v2\/pages"}],"about":[{"href":"https:\/\/dev.chirocare-os.de\/index.php?rest_route=\/wp\/v2\/types\/page"}],"author":[{"embeddable":true,"href":"https:\/\/dev.chirocare-os.de\/index.php?rest_route=\/wp\/v2\/users\/1"}],"replies":[{"embeddable":true,"href":"https:\/\/dev.chirocare-os.de\/index.php?rest_route=%2Fwp%2Fv2%2Fcomments&post=7"}],"version-history":[{"count":3,"href":"https:\/\/dev.chirocare-os.de\/index.php?rest_route=\/wp\/v2\/pages\/7\/revisions"}],"predecessor-version":[{"id":48,"href":"https:\/\/dev.chirocare-os.de\/index.php?rest_route=\/wp\/v2\/pages\/7\/revisions\/48"}],"wp:attachment":[{"href":"https:\/\/dev.chirocare-os.de\/index.php?rest_route=%2Fwp%2Fv2%2Fmedia&parent=7"}],"curies":[{"name":"wp","href":"https:\/\/api.w.org\/{rel}","templated":true}]}}